{"id":120,"date":"2023-03-02T21:27:10","date_gmt":"2023-03-02T14:27:10","guid":{"rendered":"https:\/\/hatugroup.com\/?post_type=product&#038;p=120"},"modified":"2023-03-02T21:27:15","modified_gmt":"2023-03-02T14:27:15","slug":"vien-nen-go-i2-wood-pellets-i2","status":"publish","type":"product","link":"https:\/\/hatugroup.com\/index.php\/product\/vien-nen-go-i2-wood-pellets-i2\/","title":{"rendered":"Vi\u00ean n\u00e9n g\u1ed7 I2 \/ wood pellets I2"},"content":{"rendered":"<p><img fetchpriority=\"high\" decoding=\"async\" class=\"alignnone size-medium wp-image-121\" src=\"https:\/\/hatugroup.com\/wp-content\/uploads\/2023\/03\/san-pham-vien-nen-go-loai-2-600x800-1-225x300.jpg\" alt=\"\" width=\"225\" height=\"300\" srcset=\"https:\/\/hatugroup.com\/wp-content\/uploads\/2023\/03\/san-pham-vien-nen-go-loai-2-600x800-1-225x300.jpg 225w, https:\/\/hatugroup.com\/wp-content\/uploads\/2023\/03\/san-pham-vien-nen-go-loai-2-600x800-1.jpg 600w\" sizes=\"(max-width: 225px) 100vw, 225px\" \/><\/p>\n<p><strong>\u1ee8NG D\u1ee4NG C\u1ee6A VI\u00caN N\u00c9N G\u1ed6<\/strong><\/p>\n<p>Theo nh\u01b0 nghi\u00ean c\u1ee9u th\u00ec Vi\u00ean N\u00e9n G\u1ed7 mang l\u1ea1i nh\u1eefng gi\u00e1 tr\u1ecb kh\u00e1 l\u1edbn b\u1eb1ng h\u01a1n 1\/3 gi\u00e1 tr\u1ecb t\u1eeb d\u1ea7u m\u1ecf v\u00e0 c\u00e1c nhi\u00ean li\u1ec7u n\u1eb7ng kh\u00e1c. V\u00ec th\u1ebf ch\u00fang mang l\u1ea1i kh\u00e1 nhi\u1ec1u c\u00f4ng d\u1ee5ng c\u0169ng nh\u01b0 l\u1ee3i \u00edch kh\u00f4ng ch\u1ec9 trong c\u00f4ng nghi\u1ec7p v\u00e0 trong c\u1ea3 \u0111\u1eddi s\u1ed1ng d\u00e2n c\u01b0:<\/p>\n<ul>\n<li role=\"presentation\">D\u00f9ng cho c\u00f4ng ngh\u1ec7 \u0111\u1ed1t l\u00f2 h\u01a1i, t\u1ea1o nhi\u1ec7t c\u1ee7a c\u00e1c ngh\u00e0nh trong c\u00f4ng nghi\u1ec7p nh\u1eb1m thay th\u1ebf c\u00e1c lo\u1ea1i nhi\u00ean li\u1ec7u h\u00f3a th\u1ea1ch.<\/li>\n<li role=\"presentation\">D\u00f9ng t\u1ea1o nhi\u1ec7t trong nh\u00e0 m\u00e1y nhi\u1ec7t \u0111i\u1ec7n.<\/li>\n<li role=\"presentation\">L\u00f3t chu\u1ed3ng tr\u1ea1i, trang tr\u1ea1i (g\u00e0, ng\u1ef1a, b\u00f2, d\u00ea&#8230;).<\/li>\n<li role=\"presentation\">\u00a0D\u00f9ng trong h\u1ec7 th\u1ed1ng thi\u1ebft b\u1ecb s\u01b0\u1edfi \u1ea5m nh\u01b0 l\u00f2 s\u01b0\u1edfi (thay th\u1ebf \u0111i\u1ec7n, than \u0111\u00e1, d\u1ea7u, c\u1ee7i&#8230;c\u00e1c ch\u1ea5t \u0111\u1ed1t th\u00f4ng th\u01b0\u1eddng).<\/li>\n<li role=\"presentation\">D\u00f9ng trong thi\u1ebft b\u1ecb \u0111\u1ed1t trong c\u00e1c ng\u00e0nh c\u00f4ng nghi\u1ec7p, d\u00e2n d\u1ee5ng:<\/li>\n<\/ul>\n<ul>\n<li role=\"presentation\">H\u1ea5p, s\u1ea5y, thanh tr\u00f9ng, ti\u1ec7t tr\u00f9ng trong c\u00e1c nh\u00e0 m\u00e1y th\u1ef1c ph\u1ea9m, \u0111\u1ed3 u\u1ed1ng, \u2026<\/li>\n<li role=\"presentation\">Nh\u00e0 m\u00e1y b\u00e1nh k\u1eb9o, nh\u00e0 m\u00e1y gi\u1ea5y, d\u1ec7t nhu\u1ed9m, \u2026<\/li>\n<li role=\"presentation\">\u00a0H\u1ec7 th\u1ed1ng n\u1ed3i n\u1ea5u r\u01b0\u1ee3u, \u2026<\/li>\n<li role=\"presentation\">\u00a0H\u1ec7 th\u1ed1ng n\u1ea5u \u0103n, b\u1ebfp \u0103n c\u00f4ng nghi\u1ec7p.<\/li>\n<li role=\"presentation\">\u00a0B\u1ec3 b\u01a1i n\u01b0\u1edbc n\u00f3ng b\u1ed1n m\u00f9a, m\u1ea1ng n\u01b0\u1edbc n\u00f3ng cho khu vui ch\u01a1i v\u00e0 nh\u00e0 h\u00e0ng kh\u00e1ch s\u1ea1n, tr\u01b0\u1eddng h\u1ecdc, khu ph\u1ee5c h\u1ed3i ch\u1ee9c n\u0103ng&#8230;<\/li>\n<li role=\"presentation\">H\u1ec7 th\u1ed1ng l\u00f2 h\u01a1i x\u00f4ng h\u01a1i. Gi\u1eb7t l\u00e0 (\u1ee7i) trong x\u01b0\u1edfng may. S\u1ea5y trong d\u1ec7t,nhu\u1ed9m v\u1ea3i s\u1ee3i.<\/li>\n<\/ul>\n<p>&nbsp;<\/p>\n<p>\u0110\u1eb6C T\u00cdNH K\u1ef8 THU\u1eacT C\u1ee6A VI\u00caN N\u00c9N G\u1ed6<\/p>\n<ul>\n<li role=\"presentation\">\u0110\u01b0\u1eddng k\u00ednh: 6-8 mm<\/li>\n<li role=\"presentation\">Chi\u1ec1u d\u00e0i: 10-40 mm<\/li>\n<li role=\"presentation\">\u0110\u1ed9 \u1ea9m: max 10%<\/li>\n<li role=\"presentation\">\u0110\u1ed9 tro: max 3%<\/li>\n<li role=\"presentation\">Nhi\u1ec7t l\u01b0\u1ee3ng: 4.000 \u2013 4.500 Kcal\/kg.<\/li>\n<\/ul>\n<p>&nbsp;<\/p>\n<p>\u01afU \u0110I\u1ec2M N\u1ed4I B\u1eacT C\u1ee6A VI\u00caN N\u00c9N G\u1ed6<\/p>\n<ul>\n<li role=\"presentation\">Gi\u00e1 th\u00e0nh r\u1ebb, n\u0103ng l\u01b0\u1ee3ng cao.T\u01b0\u01a1ng \u0111\u1ed1i \u1ed5n \u0111\u1ecbnh so v\u1edbi c\u00e1c nguy\u00ean li\u1ec7u h\u00f3a th\u1ea1ch kh\u00e1c.<\/li>\n<li role=\"presentation\">Vi\u00ean g\u1ed7 c\u00f3 chi ph\u00ed kh\u00e1 th\u1ea5p ch\u1ec9 b\u1eb1ng kho\u1ea3ng 30 \u2013 50% so v\u1edbi \u0111i\u1ec7n v\u00e0 kh\u00ed gas n\u00ean s\u1ebd gi\u00fap ch\u00fang ta ti\u1ebft ki\u1ec7m \u0111\u01b0\u1ee3c 1\/2 \u0111\u1ebfn 2\/3 chi ph\u00ed s\u1eed d\u1ee5ng.<\/li>\n<li role=\"presentation\">Ch\u00fang c\u00f3 qu\u00e1 tr\u00ecnh ch\u00e1y kh\u00e1 l\u00e2u, \u1ed5n \u0111\u1ecbnh gi\u00fap t\u1ea1o ra m\u1ed9t l\u01b0\u1ee3ng nhi\u1ec7t \u1ed5n \u0111\u1ecbnh.<\/li>\n<li role=\"presentation\">Vi\u00ean n\u00e9n g\u1ed7 Wood pellets r\u1ea5t \u0111\u1eb7c v\u00e0 th\u01b0\u1eddng \u0111\u01b0\u1ee3c s\u1ea3n xu\u1ea5t v\u1edbi m\u1ed9t l\u01b0\u1ee3ng th\u1ea5p \u0111\u1ed9 \u1ea9m. \u0110i\u1ec1u n\u00e0y l\u00e0m cho n\u00f3 \u0111\u1ed1t ch\u00e1y v\u1edbi hi\u1ec7u qu\u1ea3 r\u1ea5t cao. M\u1ee9c \u0111\u1ed9 \u1ea9m th\u1ea5p, c\u00f3 ngh\u0129a l\u00e0 khi \u0111\u1ed1t Vi\u00ean N\u00e9n G\u1ed7 ti\u1ebft ki\u1ec7m \u0111\u01b0\u1ee3c r\u1ea5t nhi\u1ec1u n\u0103ng l\u01b0\u1ee3ng.<\/li>\n<li role=\"presentation\">T\u0103ng tu\u1ed5i th\u1ecd l\u00f2 h\u01a1i,c\u00e1c thi\u1ebft b\u1ecb \u0111\u1ed1t.Trong qu\u00e1 tr\u00ecnh s\u1eed d\u1ee5ng vi\u00ean n\u00e9n g\u1ed7 sinh ra \u00edt kh\u00f3i gi\u00fap tu\u1ed5i th\u1ecd c\u1ee7a c\u00e1c lo\u1ea1i b\u1ebfp l\u00f2 s\u1ebd cao h\u01a1n, l\u1ee3i \u00edch ti\u00eau d\u00f9ng c\u0169ng \u0111\u01b0\u1ee3c t\u0103ng l\u00ean.<\/li>\n<li>Kh\u00f3i m\u00e0 vi\u00ean n\u00e9n n\u00e0y sinh ra c\u0169ng kh\u00f4ng g\u00e2y \u0111\u1ed9c h\u1ea1i nh\u01b0 c\u00e1c ch\u1ea5t \u0111\u1ed1t kh\u00e1c,<\/li>\n<li>khi ch\u00e1y t\u1ea1o ra \u00edt tro nh\u01b0 v\u1eady ch\u00fang ta s\u1ebd b\u1edbt \u0111\u01b0\u1ee3c nh\u1eefng chi ph\u00ed \u0111\u1ec3 x\u1eed l\u00fd<\/li>\n<li>ch\u1ea5t th\u1ea3i sau qu\u00e1 tr\u00ecnh s\u1eed d\u1ee5ng, c\u0169ng kh\u00f4ng l\u00e0m \u1ea3nh h\u01b0\u1edfng c\u00e1c c\u00f4ng c\u1ee5 kh\u00e1c.<\/li>\n<\/ul>\n<ul>\n<li role=\"presentation\">V\u1eadn chuy\u1ec3n ti\u1ec7n l\u1ee3i, ti\u1ebft ki\u1ec7m kh\u00f4ng gian l\u01b0u tr\u1eef, gi\u1ea3m thi\u1ec3u nh\u00e2n c\u00f4ng do k\u00edch th\u01b0\u1edbc nh\u1ecf.<\/li>\n<li role=\"presentation\">\u00a0Hi\u1ec7n nay, Vi\u00ean N\u00e9n G\u1ed7 \u0111\u01b0\u1ee3c \u0111\u00f3ng v\u00e0o t\u1eebng bao nh\u1ecf, theo c\u00e1c kh\u1ed1i l\u01b0\u1ee3ng kh\u00e1c nhau r\u1ea5t ti\u1ec7n l\u1ee3i s\u1eed d\u1ee5ng.<\/li>\n<li role=\"presentation\">V\u1edbi \u0111\u1eb7c t\u00ednh h\u00ecnh d\u1ea1ng c\u1ee7a vi\u00ean n\u00e9n khi\u1ebfn n\u00f3 d\u1ec5 l\u01b0u kho (ch\u1ea5t x\u1ebfp) v\u00e0 d\u1ec5 s\u1eed d\u1ee5ng h\u01a1n b\u1ea5t k\u1ef3 nhi\u00ean li\u1ec7u sinh h\u1ecdc n\u00e0o.<\/li>\n<\/ul>\n","protected":false},"excerpt":{"rendered":"<p><img fetchpriority=\"high\" decoding=\"async\" class=\"alignnone size-medium wp-image-121\" src=\"https:\/\/hatugroup.com\/wp-content\/uploads\/2023\/03\/san-pham-vien-nen-go-loai-2-600x800-1-225x300.jpg\" alt=\"\" width=\"225\" height=\"300\" srcset=\"https:\/\/hatugroup.com\/wp-content\/uploads\/2023\/03\/san-pham-vien-nen-go-loai-2-600x800-1-225x300.jpg 225w, https:\/\/hatugroup.com\/wp-content\/uploads\/2023\/03\/san-pham-vien-nen-go-loai-2-600x800-1.jpg 600w\" sizes=\"(max-width: 225px) 100vw, 225px\" \/><\/p>\n<p>\u0110\u1eb6C T\u00cdNH K\u1ef8 THU\u1eacT C\u1ee6A VI\u00caN N\u00c9N G\u1ed6<\/p>\n<ul>\n<li role=\"presentation\">\u0110\u01b0\u1eddng k\u00ednh: 6-8 mm<\/li>\n<li role=\"presentation\">Chi\u1ec1u d\u00e0i: 10-40 mm<\/li>\n<li role=\"presentation\">\u0110\u1ed9 \u1ea9m: max 10%<\/li>\n<li role=\"presentation\">\u0110\u1ed9 tro: max 3%<\/li>\n<li role=\"presentation\">Nhi\u1ec7t l\u01b0\u1ee3ng: 4.000 \u2013 4.500 Kcal\/kg.<\/li>\n<\/ul>\n","protected":false},"featured_media":121,"comment_status":"open","ping_status":"closed","template":"","meta":[],"product_cat":[15],"product_tag":[],"class_list":{"0":"post-120","1":"product","2":"type-product","3":"status-publish","4":"has-post-thumbnail","6":"product_cat-uncategorized","8":"first","9":"instock","10":"shipping-taxable","11":"purchasable","12":"product-type-simple"},"_links":{"self":[{"href":"https:\/\/hatugroup.com\/index.php\/wp-json\/wp\/v2\/product\/120","targetHints":{"allow":["GET"]}}],"collection":[{"href":"https:\/\/hatugroup.com\/index.php\/wp-json\/wp\/v2\/product"}],"about":[{"href":"https:\/\/hatugroup.com\/index.php\/wp-json\/wp\/v2\/types\/product"}],"replies":[{"embeddable":true,"href":"https:\/\/hatugroup.com\/index.php\/wp-json\/wp\/v2\/comments?post=120"}],"wp:featuredmedia":[{"embeddable":true,"href":"https:\/\/hatugroup.com\/index.php\/wp-json\/wp\/v2\/media\/121"}],"wp:attachment":[{"href":"https:\/\/hatugroup.com\/index.php\/wp-json\/wp\/v2\/media?parent=120"}],"wp:term":[{"taxonomy":"product_cat","embeddable":true,"href":"https:\/\/hatugroup.com\/index.php\/wp-json\/wp\/v2\/product_cat?post=120"},{"taxonomy":"product_tag","embeddable":true,"href":"https:\/\/hatugroup.com\/index.php\/wp-json\/wp\/v2\/product_tag?post=120"}],"curies":[{"name":"wp","href":"https:\/\/api.w.org\/{rel}","templated":true}]}}