{"id":159,"date":"2023-03-15T12:06:38","date_gmt":"2023-03-15T05:06:38","guid":{"rendered":"https:\/\/hatugroup.com\/?post_type=product&#038;p=159"},"modified":"2023-03-15T12:07:15","modified_gmt":"2023-03-15T05:07:15","slug":"go-cui-thong-pine-wood","status":"publish","type":"product","link":"https:\/\/hatugroup.com\/index.php\/product\/go-cui-thong-pine-wood\/","title":{"rendered":"G\u1ed7 C\u1ee7i Th\u00f4ng\/ pine wood"},"content":{"rendered":"<p>+ C\u1ee7i keo ( d\u00e0i t\u1eeb 1.0m \u0111\u1ebfn 2.0m), b\u1ea1ch \u0111\u00e0n ( d\u00e0i t\u1eeb 1.0m \u0111\u1ebfn 2.0m), th\u00f4ng, sa m\u1ed9c ( d\u00e0i t\u1eeb 0.5m \u0111\u1ebfn 2.0m) , cao su( d\u00e0i t\u1eeb 1.0m \u0111\u1ebfn 2.0m) . \u0110\u01b0\u1eddng k\u00ednh c\u1ee7i t\u1eeb 4cm tr\u1edf l\u00ean.<\/p>\n<p>+ D\u0103m keo b\u00f3c v\u1ecf t\u1ef7 l\u1ec7 v\u1ecf d\u01b0\u1edbi 1%<\/p>\n<p>+ D\u0103m th\u00f4ng, sa m\u1ed9c t\u1ef7 l\u1ec7 d\u01b0\u1edbi 15% v\u1ecf<\/p>\n<p>+ D\u0103m r\u00e1c s\u1ea1ch t\u1ef7 l\u1ec7 v\u1ecf d\u01b0\u1edbi 3%<\/p>\n<p>+ \u0110\u1ea7u m\u1ea9u keo , th\u00f4ng<\/p>\n<p>+ C\u1ee7i b\u00eca th\u00f4ng, sa m\u1ed9c<\/p>\n<p>+ G\u1ed1c keo, g\u1ed1c cao su ( 5% \u0111\u1ea5t )<\/p>\n<p>+ R\u00e1c s\u1ea1ch ch\u01b0a b\u0103m<\/p>\n<p>Giao h\u00e0ng khu v\u1ef1c mi\u1ec1n b\u1eafc chi ti\u1ebft li\u00ean h\u1ec7 : 0968600222<\/p>\n<p><img fetchpriority=\"high\" decoding=\"async\" class=\"alignnone size-medium wp-image-156\" src=\"https:\/\/hatugroup.com\/wp-content\/uploads\/2023\/03\/z4182694176220_82fc1a3c8ae7d4a2dcd90aeaaec9b359-225x300.jpg\" alt=\"\" width=\"225\" height=\"300\" srcset=\"https:\/\/hatugroup.com\/wp-content\/uploads\/2023\/03\/z4182694176220_82fc1a3c8ae7d4a2dcd90aeaaec9b359-225x300.jpg 225w, https:\/\/hatugroup.com\/wp-content\/uploads\/2023\/03\/z4182694176220_82fc1a3c8ae7d4a2dcd90aeaaec9b359-600x801.jpg 600w, https:\/\/hatugroup.com\/wp-content\/uploads\/2023\/03\/z4182694176220_82fc1a3c8ae7d4a2dcd90aeaaec9b359-767x1024.jpg 767w, https:\/\/hatugroup.com\/wp-content\/uploads\/2023\/03\/z4182694176220_82fc1a3c8ae7d4a2dcd90aeaaec9b359-768x1025.jpg 768w, https:\/\/hatugroup.com\/wp-content\/uploads\/2023\/03\/z4182694176220_82fc1a3c8ae7d4a2dcd90aeaaec9b359-9x12.jpg 9w, https:\/\/hatugroup.com\/wp-content\/uploads\/2023\/03\/z4182694176220_82fc1a3c8ae7d4a2dcd90aeaaec9b359.jpg 956w\" sizes=\"(max-width: 225px) 100vw, 225px\" \/><\/p>\n","protected":false},"excerpt":{"rendered":"<p>+ C\u1ee7i keo ( d\u00e0i t\u1eeb 1.0m \u0111\u1ebfn 2.0m), b\u1ea1ch \u0111\u00e0n ( d\u00e0i t\u1eeb 1.0m \u0111\u1ebfn 2.0m), th\u00f4ng, sa m\u1ed9c ( d\u00e0i t\u1eeb 0.5m \u0111\u1ebfn 2.0m) , cao su( d\u00e0i t\u1eeb 1.0m \u0111\u1ebfn 2.0m) . \u0110\u01b0\u1eddng k\u00ednh c\u1ee7i t\u1eeb 4cm tr\u1edf l\u00ean.<\/p>\n<p>+ D\u0103m keo b\u00f3c v\u1ecf t\u1ef7 l\u1ec7 v\u1ecf d\u01b0\u1edbi 1%<\/p>\n<p>+ D\u0103m th\u00f4ng, sa m\u1ed9c t\u1ef7 l\u1ec7 d\u01b0\u1edbi 15% v\u1ecf<\/p>\n<p>+ D\u0103m r\u00e1c s\u1ea1ch t\u1ef7 l\u1ec7 v\u1ecf d\u01b0\u1edbi 3%<\/p>\n<p>+ \u0110\u1ea7u m\u1ea9u keo , th\u00f4ng<\/p>\n<p>+ C\u1ee7i b\u00eca th\u00f4ng, sa m\u1ed9c<\/p>\n<p>+ G\u1ed1c keo, g\u1ed1c cao su ( 5% \u0111\u1ea5t )<\/p>\n<p>+ R\u00e1c s\u1ea1ch ch\u01b0a b\u0103m<\/p>\n<p><img fetchpriority=\"high\" decoding=\"async\" class=\"alignnone size-medium wp-image-156\" src=\"https:\/\/hatugroup.com\/wp-content\/uploads\/2023\/03\/z4182694176220_82fc1a3c8ae7d4a2dcd90aeaaec9b359-225x300.jpg\" alt=\"\" width=\"225\" height=\"300\" srcset=\"https:\/\/hatugroup.com\/wp-content\/uploads\/2023\/03\/z4182694176220_82fc1a3c8ae7d4a2dcd90aeaaec9b359-225x300.jpg 225w, https:\/\/hatugroup.com\/wp-content\/uploads\/2023\/03\/z4182694176220_82fc1a3c8ae7d4a2dcd90aeaaec9b359-600x801.jpg 600w, https:\/\/hatugroup.com\/wp-content\/uploads\/2023\/03\/z4182694176220_82fc1a3c8ae7d4a2dcd90aeaaec9b359-767x1024.jpg 767w, https:\/\/hatugroup.com\/wp-content\/uploads\/2023\/03\/z4182694176220_82fc1a3c8ae7d4a2dcd90aeaaec9b359-768x1025.jpg 768w, https:\/\/hatugroup.com\/wp-content\/uploads\/2023\/03\/z4182694176220_82fc1a3c8ae7d4a2dcd90aeaaec9b359-9x12.jpg 9w, https:\/\/hatugroup.com\/wp-content\/uploads\/2023\/03\/z4182694176220_82fc1a3c8ae7d4a2dcd90aeaaec9b359.jpg 956w\" sizes=\"(max-width: 225px) 100vw, 225px\" \/><\/p>\n","protected":false},"featured_media":156,"comment_status":"open","ping_status":"closed","template":"","meta":[],"product_cat":[15],"product_tag":[22],"class_list":{"0":"post-159","1":"product","2":"type-product","3":"status-publish","4":"has-post-thumbnail","6":"product_cat-uncategorized","7":"product_tag-go-cui-thong-pine-wood","9":"first","10":"instock","11":"shipping-taxable","12":"purchasable","13":"product-type-simple"},"_links":{"self":[{"href":"https:\/\/hatugroup.com\/index.php\/wp-json\/wp\/v2\/product\/159","targetHints":{"allow":["GET"]}}],"collection":[{"href":"https:\/\/hatugroup.com\/index.php\/wp-json\/wp\/v2\/product"}],"about":[{"href":"https:\/\/hatugroup.com\/index.php\/wp-json\/wp\/v2\/types\/product"}],"replies":[{"embeddable":true,"href":"https:\/\/hatugroup.com\/index.php\/wp-json\/wp\/v2\/comments?post=159"}],"wp:featuredmedia":[{"embeddable":true,"href":"https:\/\/hatugroup.com\/index.php\/wp-json\/wp\/v2\/media\/156"}],"wp:attachment":[{"href":"https:\/\/hatugroup.com\/index.php\/wp-json\/wp\/v2\/media?parent=159"}],"wp:term":[{"taxonomy":"product_cat","embeddable":true,"href":"https:\/\/hatugroup.com\/index.php\/wp-json\/wp\/v2\/product_cat?post=159"},{"taxonomy":"product_tag","embeddable":true,"href":"https:\/\/hatugroup.com\/index.php\/wp-json\/wp\/v2\/product_tag?post=159"}],"curies":[{"name":"wp","href":"https:\/\/api.w.org\/{rel}","templated":true}]}}